{"id":4533,"date":"2020-06-10T22:58:22","date_gmt":"2020-06-10T22:58:22","guid":{"rendered":"https:\/\/lmtgmbh.de\/16_agb\/"},"modified":"2020-06-21T07:08:04","modified_gmt":"2020-06-21T07:08:04","slug":"agb","status":"publish","type":"page","link":"https:\/\/lmtgmbh.de\/en\/agb\/","title":{"rendered":"16_AGB"},"content":{"rendered":"\n<p><\/p>\n\n\n\n<style type=\"text\/css\" data-created_by=\"avia_inline_auto\" id=\"style-css-av-fo0f6-4a57c7ddb551ed516d8e8dea6dc31016\">\n.flex_column.av-fo0f6-4a57c7ddb551ed516d8e8dea6dc31016{\nborder-radius:0px 0px 0px 0px;\npadding:0px 0px 0px 0px;\n}\n<\/style>\n<div  class='flex_column av-fo0f6-4a57c7ddb551ed516d8e8dea6dc31016 av_one_full  avia-builder-el-0  el_before_av_one_full  avia-builder-el-first  first flex_column_div av-zero-column-padding  '     ><style type=\"text\/css\" data-created_by=\"avia_inline_auto\" id=\"style-css-av-kb9y75es-1f265c1782d129b8253544e602e2e020\">\n#top .av-special-heading.av-kb9y75es-1f265c1782d129b8253544e602e2e020{\npadding-bottom:10px;\n}\nbody .av-special-heading.av-kb9y75es-1f265c1782d129b8253544e602e2e020 .av-special-heading-tag .heading-char{\nfont-size:25px;\n}\n.av-special-heading.av-kb9y75es-1f265c1782d129b8253544e602e2e020 .av-subheading{\nfont-size:15px;\n}\n<\/style>\n<div  class='av-special-heading av-kb9y75es-1f265c1782d129b8253544e602e2e020 av-special-heading-h2 blockquote modern-quote modern-centered  avia-builder-el-1  avia-builder-el-no-sibling '><h2 class='av-special-heading-tag '  itemprop=\"headline\"  >Allgemeine Gesch\u00e4ftsbedingungen<\/h2><div class='av-subheading av-subheading_below'><p>Lieferbedingungen der Firma LMT Leuchten + Metall Technik GmbH<\/p>\n<\/div><div class=\"special-heading-border\"><div class=\"special-heading-inner-border\"><\/div><\/div><\/div><\/div>\n<style type=\"text\/css\" data-created_by=\"avia_inline_auto\" id=\"style-css-av-1txn0y-da03592f436df221942951e68aeddce3\">\n.flex_column.av-1txn0y-da03592f436df221942951e68aeddce3{\nborder-radius:0px 0px 0px 0px;\npadding:0px 0px 0px 0px;\n}\n<\/style>\n<div  class='flex_column av-1txn0y-da03592f436df221942951e68aeddce3 av_one_full  avia-builder-el-2  el_after_av_one_full  avia-builder-el-last  first flex_column_div av-zero-column-padding  column-top-margin'     ><section  class='av_textblock_section av-kb9y6s5z-9203e4caedfeb4ee1b66c9d84c7f86f2 '   itemscope=\"itemscope\" itemtype=\"https:\/\/schema.org\/CreativeWork\" ><div class='avia_textblock'  itemprop=\"text\" ><p>Die nachstehenden Bedingungen gelten f\u00fcr alle Angebote, Lieferungen und Leistungen aus Kauf-, Werk- oder Dienstvertrag und anderen Vertr\u00e4gen einschlie\u00dflich solcher aus k\u00fcnftigen Gesch\u00e4ftsabschl\u00fcssen oder Dauerschuldverh\u00e4ltnissen. Mit der Entgegennahme der Leistung oder Ware erkennt der Kunde deren Geltung ausdr\u00fccklich an. Einer Gegenbest\u00e4tigung des Kunden unter Hinweis auf seine Gesch\u00e4ftsbedingungen wird hiermit widersprochen.<\/p>\n<p><strong>I. Umfang der Lieferung oder Leistung<\/strong><\/p>\n<p>F\u00fcr den Umfang der Lieferungen oder der Dienstleistungen sind die beiderseitigen schriftlichen Erkl\u00e4rungen ma\u00dfgebend. Ist ein Vertrag geschlossen worden, ohne dass solche beiderseitigen Erkl\u00e4rungen vorliegen, so ist die schriftliche Auftragsbest\u00e4tigung des Lieferers ma\u00dfgebend.<br \/>\nAn Kostenvoranschl\u00e4gen, Zeichnungen und anderen Unterlagen beh\u00e4lt sich der Lieferer Eigentums- und urheberrechtliche Verwertungsrechte uneingeschr\u00e4nkt vor, sie d\u00fcrfen nur nach vorheriger Zustimmung des Lieferers Dritten zug\u00e4nglich gemacht werden.<br \/>\nNebenabreden sind nur wirksam, wenn sie schriftlich best\u00e4tigt sind.<br \/>\nMuster- und Sonderanfertigungen m\u00fcssen im Werk abgenommen werden. Nach der Auslieferung gelten die Teile als abgenommen. Reklamationen m\u00fcssen innerhalb von 5 Werktagen nach Lieferung schriftlich angezeigt werden.<br \/>\nF\u00fcr die licht- und elektrotechnische Ausstattung ist der Auftraggeber verantwortlich.<\/p>\n<p><strong>II. Preis<\/strong><\/p>\n<p>Die Preise gelten bei Lieferungen ab Werk ausschlie\u00dflich Verpackung, soweit nicht anderes vereinbart ist.<\/p>\n<p><strong>III. Eigentumsvorbehalt<\/strong><\/p>\n<p>Die Waren bleiben Eigentum des Lieferers bis zur Erf\u00fcllung s\u00e4mtlicher ihm gegen den Besteller zustehenden Anspr\u00fcche, auch wenn der Kaufpreis f\u00fcr besonders bezeichnete Forderungen bezahlt ist. Bei laufender Rechnung gilt das vorbehaltene Eigentum an den vom Lieferer gelieferten Waren (Vorbehaltsware) als Sicherheit seiner Saldoabrechnung.<br \/>\nDer Besteller ist zur Verarbeitung der Erzeugnisse im Rahmen seines ordnungsgem\u00e4\u00dfen Gesch\u00e4ftsbetriebes berechtigt. An den durch die Verarbeitung oder Verbindung entstehenden Gegenst\u00e4nden erwirbt der Lieferer zur Sicherung seiner in Ziffer II. 1 genannten Anspr\u00fcche Miteigentum, \u00a7 947, 948 BGB.<br \/>\nDer Lieferer gestattet dem Besteller widerruflich die Weiterver\u00e4u\u00dferung im gew\u00f6hnlichen Gesch\u00e4ftsgang. Dieses Recht erlischt im Falle einer Zahlungseinstellung. Dann tritt der Besteller alle ihm aus der Weiterver\u00e4u\u00dferung zustehenden Forderungen mit allen Nebenrechten an den Lieferer ab. Die abgetretenen Forderungen dienen der Sicherung aller Anspr\u00fcche nach Ziffer II. 1.<br \/>\nAuf Verlangen des Lieferers hat der Besteller unverz\u00fcglich schriftlich mitzuteilen, an wen er die Ware ver\u00e4u\u00dfert hat und welche Forderungen ihm aus der Ver\u00e4u\u00dferung zustehen. Au\u00dferdem hat er dem Lieferer auf seine Kosten \u00f6ffentlich beglaubigte Urkunden \u00fcber die Abtretung der Forderung auszustellen.<br \/>\nPf\u00e4ndungen oder sonstige Rechtsbeeintr\u00e4chtigung der dem Lieferer ganz oder teilweise geh\u00f6renden Gegenst\u00e4nden hat der Besteller unverz\u00fcglich dem Lieferer mitzuteilen. Zu anderen Verf\u00fcgungen \u00fcber die im Vorbehaltseigentum oder Miteigentum des Lieferers stehenden Gegenst\u00e4nde oder \u00fcber die abgetretenen Forderungen ist der Besteller nicht berechtigt.<\/p>\n<p><strong>IV. Zahlungsbedingungen<\/strong><\/p>\n<p>Die Rechnungen des Lieferers sind innerhalb von 14 Tagen mit 2% Skonto, innerhalb von 30 Tagen netto Kasse zahlbar oder objektbezogen nach Vertragsvereinbarung.<\/p>\n<p><strong>V. Lieferzeit<\/strong><\/p>\n<p>Die Lieferfristen gelten nur ann\u00e4hernd. Arbeitsk\u00e4mpfe oder unvorhergesehene au\u00dfergew\u00f6hnliche Ereignisse wie hoheitliche Ma\u00dfnahmen, Verkehrsst\u00f6rungen usw. befreien den Lieferer f\u00fcr die Dauer ihrer Auswirkungen und im Falle der Unm\u00f6glichkeit voll von seiner Lieferpflicht.<br \/>\nEine Haftung f\u00fcr die Einhaltung des best\u00e4tigten Liefertermins wird ausgeschlossen, falls ein Vorlieferant trotz aller zumutbaren und \u00fcblichen Vorkehrungen zur Sicherung fristgerechter Lieferung doch in Verzug ger\u00e4t. Die Lieferfrist verl\u00e4ngert sich in einem solchem Fall angemessen.<\/p>\n<p><strong>VI. M\u00e4ngelr\u00fcgen<\/strong><\/p>\n<p>Erkennbare M\u00e4ngel, Fehlermengen oder Falschlieferungen hat der K\u00e4ufer binnen f\u00fcnf Werktagen nach Lieferung schriftlich anzuzeigen. Transportsch\u00e4den sind dem Verk\u00e4ufer unverz\u00fcglich schriftlich mitzuteilen. Insoweit verpflichtet sich der K\u00e4ufer, die erforderlichen Formalit\u00e4ten gegen\u00fcber dem Frachtf\u00fchrer wahrzunehmen.<br \/>\nBei fristgerechter und berechtigter M\u00e4ngelr\u00fcge verpflichtet sich der Verk\u00e4ufer nach seiner Wahl zur kostenfreien Nachbesserung oder Ersatzlieferung. Im Falle der Ersatzlieferung hat der K\u00e4ufer dem Verk\u00e4ufer die mangelhafte Ware zur\u00fcckzusenden.<br \/>\nZur M\u00e4ngelbeseitigung hat der K\u00e4ufer dem Verk\u00e4ufer die erforderliche Zeit und Gelegenheit zu gew\u00e4hren. Verweigert er dies, so ist der K\u00e4ufer von der M\u00e4ngelhaftung befreit.<br \/>\nWenn der Verk\u00e4ufer eine ihm gestellte Nachfrist verstreichen l\u00e4\u00dft, ohne den Mangel zu beheben, kann der K\u00e4ufer die R\u00fcckg\u00e4ngigmachung des Vertrages (Wandelung) ohne die Herabsetzung des Kaufpreises (Minderung) verlangen.<br \/>\nDie M\u00e4ngelhaftung bezieht sich nicht auf die nat\u00fcrliche Abnutzung, ferner nicht auf Sch\u00e4den, die nach dem Gefahren\u00fcbergang infolge fehlerhafter oder nachl\u00e4ssiger Behandlung, mangelhafter Montage oder Einwirkung chemischer, elektrochemischer oder elektrischer Einfl\u00fcsse, die ohne Verschulden des Verk\u00e4ufers entstehen.Durch etwa seitens des K\u00e4ufers oder Dritter unrechtm\u00e4\u00dfig ohne vorherige Genehmigung vorgenommene \u00c4nderungen oder Instandsetzungen wird die Haftung f\u00fcr die daraus entstehenden Folgen aufgehoben.<br \/>\nLeuchten sind technische Arbeitsmittel nach dem Ger\u00e4tesicherheitsgesetz und d\u00fcrfen nur bestimmungsgem\u00e4\u00df verwendet werden. Nicht bestimmungsgem\u00e4\u00dfe Verwendung von Leuchten und Zubeh\u00f6rteilen entbindet den Verk\u00e4ufer ebenso wie eigenm\u00e4chtige \u00c4nderungen an den Leuchten ohne ausdr\u00fcckliche vorherige schriftliche Zustimmung des Verk\u00e4ufers von allen Verpflichtungen im Schadensfall.<br \/>\nDas Recht des K\u00e4ufers, Anspr\u00fcche aus M\u00e4ngeln geltend zu machen, verj\u00e4hrt in sechs Monaten ab dem Gefahren\u00fcbergang.<br \/>\nWeitere Anspr\u00fcche des K\u00e4ufers gegen den Verk\u00e4ufer und seine Erf\u00fcllungsgehilfen, insbesondere die der Schadensersatzanspr\u00fcche aus positiver Vertragsverletzung und Verschulden beim Vertragsschlu\u00df und unerlaubter Handlung, sind ausgeschlossen, es sei denn, sie beruhen auf dem Fehlen zugesicherter Eigenschaften oder auf Vorsatz oder grober Fahrl\u00e4ssigkeit des Verk\u00e4ufers bzw. seiner Erf\u00fcllungsgehilfen.<\/p>\n<p><strong>VII. Gerichtsstand<\/strong><\/p>\n<p>Gerichtsstand und Erf\u00fcllungsort ist D \u2013 91161 Hilpoltstein.<br \/>\nDie Rechtsbeziehungen der Parteien unterliegen dem Recht der Bundesrepublik Deutschland.<\/p>\n<p>Weiter gelten die:<br \/>\n\u201eALLGEMEINEN LIEFERBEDINGUNGEN F\u00dcR ERZEUGNISSE UND LEISTUNGEN DER ELEKTROINDUSTRIE\u201c<\/p>\n<\/div><\/section><\/div><\/p>\n","protected":false},"excerpt":{"rendered":"","protected":false},"author":1,"featured_media":0,"parent":0,"menu_order":0,"comment_status":"closed","ping_status":"closed","template":"","meta":{"footnotes":""},"class_list":["post-4533","page","type-page","status-publish","hentry"],"yoast_head":"<!-- This site is optimized with the Yoast SEO plugin v27.4 - https:\/\/yoast.com\/product\/yoast-seo-wordpress\/ -->\n<title>AGB \/\/ Leuchten + Metall Technik GmbH<\/title>\n<meta name=\"description\" content=\"Die AGB\u00b4s unserer Webseite\" \/>\n<meta name=\"robots\" content=\"noindex, nofollow\" \/>\n<meta property=\"og:locale\" content=\"en_US\" \/>\n<meta property=\"og:type\" content=\"article\" \/>\n<meta property=\"og:title\" content=\"AGB \/\/ Leuchten + Metall Technik GmbH\" \/>\n<meta property=\"og:description\" content=\"Die AGB\u00b4s unserer Webseite\" \/>\n<meta property=\"og:url\" content=\"https:\/\/lmtgmbh.de\/en\/agb\/\" \/>\n<meta property=\"og:site_name\" content=\"Leuchten + Metall Technik GmbH\" \/>\n<meta property=\"article:publisher\" content=\"https:\/\/www.facebook.com\/lmtgmbh\" \/>\n<meta property=\"article:modified_time\" content=\"2020-06-21T07:08:04+00:00\" \/>\n<meta property=\"og:image\" content=\"https:\/\/lmtgmbh.de\/wp-content\/uploads\/2025\/08\/LMT_Website_Bild_Fallback_1200x675.png\" \/>\n\t<meta property=\"og:image:width\" content=\"1200\" \/>\n\t<meta property=\"og:image:height\" content=\"675\" \/>\n\t<meta property=\"og:image:type\" content=\"image\/png\" \/>\n<meta name=\"twitter:card\" content=\"summary_large_image\" \/>\n<meta name=\"twitter:label1\" content=\"Est. reading time\" \/>\n\t<meta name=\"twitter:data1\" content=\"6 minutes\" \/>\n<script type=\"application\/ld+json\" class=\"yoast-schema-graph\">{\"@context\":\"https:\\\/\\\/schema.org\",\"@graph\":[{\"@type\":\"WebPage\",\"@id\":\"https:\\\/\\\/lmtgmbh.de\\\/en\\\/agb\\\/\",\"url\":\"https:\\\/\\\/lmtgmbh.de\\\/en\\\/agb\\\/\",\"name\":\"AGB \\\/\\\/ Leuchten + Metall Technik GmbH\",\"isPartOf\":{\"@id\":\"https:\\\/\\\/lmtgmbh.de\\\/#website\"},\"datePublished\":\"2020-06-10T22:58:22+00:00\",\"dateModified\":\"2020-06-21T07:08:04+00:00\",\"description\":\"Die AGB\u00b4s unserer Webseite\",\"breadcrumb\":{\"@id\":\"https:\\\/\\\/lmtgmbh.de\\\/en\\\/agb\\\/#breadcrumb\"},\"inLanguage\":\"en-US\",\"potentialAction\":[{\"@type\":\"ReadAction\",\"target\":[\"https:\\\/\\\/lmtgmbh.de\\\/en\\\/agb\\\/\"]}]},{\"@type\":\"BreadcrumbList\",\"@id\":\"https:\\\/\\\/lmtgmbh.de\\\/en\\\/agb\\\/#breadcrumb\",\"itemListElement\":[{\"@type\":\"ListItem\",\"position\":1,\"name\":\"Startseite\",\"item\":\"https:\\\/\\\/lmtgmbh.de\\\/en\\\/home\\\/\"},{\"@type\":\"ListItem\",\"position\":2,\"name\":\"16_AGB\"}]},{\"@type\":\"WebSite\",\"@id\":\"https:\\\/\\\/lmtgmbh.de\\\/#website\",\"url\":\"https:\\\/\\\/lmtgmbh.de\\\/\",\"name\":\"Leuchten + Metall Technik GmbH\",\"description\":\"Licht und Form in Perfektion\",\"publisher\":{\"@id\":\"https:\\\/\\\/lmtgmbh.de\\\/#organization\"},\"alternateName\":\"LMT GmbH\",\"potentialAction\":[{\"@type\":\"SearchAction\",\"target\":{\"@type\":\"EntryPoint\",\"urlTemplate\":\"https:\\\/\\\/lmtgmbh.de\\\/?s={search_term_string}\"},\"query-input\":{\"@type\":\"PropertyValueSpecification\",\"valueRequired\":true,\"valueName\":\"search_term_string\"}}],\"inLanguage\":\"en-US\"},{\"@type\":\"Organization\",\"@id\":\"https:\\\/\\\/lmtgmbh.de\\\/#organization\",\"name\":\"LMT Leuchten + Metall Technik GmbH\",\"alternateName\":\"LMT GmbH\",\"url\":\"https:\\\/\\\/lmtgmbh.de\\\/\",\"logo\":{\"@type\":\"ImageObject\",\"inLanguage\":\"en-US\",\"@id\":\"https:\\\/\\\/lmtgmbh.de\\\/#\\\/schema\\\/logo\\\/image\\\/\",\"url\":\"https:\\\/\\\/lmtgmbh.de\\\/wp-content\\\/uploads\\\/2025\\\/08\\\/LMT_Logo_und_Favicon_quadrat_800x800.png\",\"contentUrl\":\"https:\\\/\\\/lmtgmbh.de\\\/wp-content\\\/uploads\\\/2025\\\/08\\\/LMT_Logo_und_Favicon_quadrat_800x800.png\",\"width\":800,\"height\":800,\"caption\":\"LMT Leuchten + Metall Technik GmbH\"},\"image\":{\"@id\":\"https:\\\/\\\/lmtgmbh.de\\\/#\\\/schema\\\/logo\\\/image\\\/\"},\"sameAs\":[\"https:\\\/\\\/www.facebook.com\\\/lmtgmbh\",\"https:\\\/\\\/www.instagram.com\\\/lmt.gmbh\\\/\",\"https:\\\/\\\/de.linkedin.com\\\/company\\\/leuchten-metall-technik-gmbh\"]}]}<\/script>\n<!-- \/ Yoast SEO plugin. -->","yoast_head_json":{"title":"AGB \/\/ Leuchten + Metall Technik GmbH","description":"Die AGB\u00b4s unserer Webseite","robots":{"index":"noindex","follow":"nofollow"},"og_locale":"en_US","og_type":"article","og_title":"AGB \/\/ Leuchten + Metall Technik GmbH","og_description":"Die AGB\u00b4s unserer Webseite","og_url":"https:\/\/lmtgmbh.de\/en\/agb\/","og_site_name":"Leuchten + Metall Technik GmbH","article_publisher":"https:\/\/www.facebook.com\/lmtgmbh","article_modified_time":"2020-06-21T07:08:04+00:00","og_image":[{"width":1200,"height":675,"url":"https:\/\/lmtgmbh.de\/wp-content\/uploads\/2025\/08\/LMT_Website_Bild_Fallback_1200x675.png","type":"image\/png"}],"twitter_card":"summary_large_image","twitter_misc":{"Est. reading time":"6 minutes"},"schema":{"@context":"https:\/\/schema.org","@graph":[{"@type":"WebPage","@id":"https:\/\/lmtgmbh.de\/en\/agb\/","url":"https:\/\/lmtgmbh.de\/en\/agb\/","name":"AGB \/\/ Leuchten + Metall Technik GmbH","isPartOf":{"@id":"https:\/\/lmtgmbh.de\/#website"},"datePublished":"2020-06-10T22:58:22+00:00","dateModified":"2020-06-21T07:08:04+00:00","description":"Die AGB\u00b4s unserer Webseite","breadcrumb":{"@id":"https:\/\/lmtgmbh.de\/en\/agb\/#breadcrumb"},"inLanguage":"en-US","potentialAction":[{"@type":"ReadAction","target":["https:\/\/lmtgmbh.de\/en\/agb\/"]}]},{"@type":"BreadcrumbList","@id":"https:\/\/lmtgmbh.de\/en\/agb\/#breadcrumb","itemListElement":[{"@type":"ListItem","position":1,"name":"Startseite","item":"https:\/\/lmtgmbh.de\/en\/home\/"},{"@type":"ListItem","position":2,"name":"16_AGB"}]},{"@type":"WebSite","@id":"https:\/\/lmtgmbh.de\/#website","url":"https:\/\/lmtgmbh.de\/","name":"Leuchten + Metall Technik GmbH","description":"Licht und Form in Perfektion","publisher":{"@id":"https:\/\/lmtgmbh.de\/#organization"},"alternateName":"LMT GmbH","potentialAction":[{"@type":"SearchAction","target":{"@type":"EntryPoint","urlTemplate":"https:\/\/lmtgmbh.de\/?s={search_term_string}"},"query-input":{"@type":"PropertyValueSpecification","valueRequired":true,"valueName":"search_term_string"}}],"inLanguage":"en-US"},{"@type":"Organization","@id":"https:\/\/lmtgmbh.de\/#organization","name":"LMT Leuchten + Metall Technik GmbH","alternateName":"LMT GmbH","url":"https:\/\/lmtgmbh.de\/","logo":{"@type":"ImageObject","inLanguage":"en-US","@id":"https:\/\/lmtgmbh.de\/#\/schema\/logo\/image\/","url":"https:\/\/lmtgmbh.de\/wp-content\/uploads\/2025\/08\/LMT_Logo_und_Favicon_quadrat_800x800.png","contentUrl":"https:\/\/lmtgmbh.de\/wp-content\/uploads\/2025\/08\/LMT_Logo_und_Favicon_quadrat_800x800.png","width":800,"height":800,"caption":"LMT Leuchten + Metall Technik GmbH"},"image":{"@id":"https:\/\/lmtgmbh.de\/#\/schema\/logo\/image\/"},"sameAs":["https:\/\/www.facebook.com\/lmtgmbh","https:\/\/www.instagram.com\/lmt.gmbh\/","https:\/\/de.linkedin.com\/company\/leuchten-metall-technik-gmbh"]}]}},"_links":{"self":[{"href":"https:\/\/lmtgmbh.de\/en\/wp-json\/wp\/v2\/pages\/4533","targetHints":{"allow":["GET"]}}],"collection":[{"href":"https:\/\/lmtgmbh.de\/en\/wp-json\/wp\/v2\/pages"}],"about":[{"href":"https:\/\/lmtgmbh.de\/en\/wp-json\/wp\/v2\/types\/page"}],"author":[{"embeddable":true,"href":"https:\/\/lmtgmbh.de\/en\/wp-json\/wp\/v2\/users\/1"}],"replies":[{"embeddable":true,"href":"https:\/\/lmtgmbh.de\/en\/wp-json\/wp\/v2\/comments?post=4533"}],"version-history":[{"count":0,"href":"https:\/\/lmtgmbh.de\/en\/wp-json\/wp\/v2\/pages\/4533\/revisions"}],"wp:attachment":[{"href":"https:\/\/lmtgmbh.de\/en\/wp-json\/wp\/v2\/media?parent=4533"}],"curies":[{"name":"wp","href":"https:\/\/api.w.org\/{rel}","templated":true}]}}